{"id":4262,"date":"2024-06-11T08:02:33","date_gmt":"2024-06-11T08:02:33","guid":{"rendered":"https:\/\/www.rauchemedical.ba\/cookie-policy\/"},"modified":"2024-10-18T08:57:01","modified_gmt":"2024-10-18T08:57:01","slug":"politika-kolacica","status":"publish","type":"page","link":"https:\/\/www.rauchemedical.ba\/hr\/politika-kolacica\/","title":{"rendered":"Politika kola\u010di\u0107a"},"content":{"rendered":"\t\t<div data-elementor-type=\"wp-page\" data-elementor-id=\"4262\" class=\"elementor elementor-4262 elementor-4234\">\n\t\t\t\t<div class=\"elementor-element elementor-element-7a263f0 e-flex e-con-boxed e-con e-parent\" data-id=\"7a263f0\" data-element_type=\"container\" data-e-type=\"container\">\n\t\t\t\t\t<div class=\"e-con-inner\">\n\t\t\t\t<div class=\"elementor-element elementor-element-45db95a elementor-widget elementor-widget-text-editor\" data-id=\"45db95a\" data-element_type=\"widget\" data-e-type=\"widget\" data-widget_type=\"text-editor.default\">\n\t\t\t\t<div class=\"elementor-widget-container\">\n\t\t\t\t\t\t\t\t\t<h1><strong>Politika Kola\u010di\u0107a<\/strong><\/h1><p>Ovo je Politika kola\u010di\u0107a za Rauch\u00e9 Medical, dostupna na rauchemedical.com.<\/p><p>\u00a0<\/p><h3><strong>\u0160to su kola\u010di\u0107i<\/strong><\/h3><p>Kao \u0161to je uobi\u010dajena praksa kod gotovo svih profesionalnih web stranica, ova stranica koristi kola\u010di\u0107e, male datoteke koje se preuzimaju na va\u0161e ra\u010dunalo, kako bi se pobolj\u0161alo va\u0161e iskustvo. Ova stranica opisuje koje informacije prikupljaju, kako ih koristimo i za\u0161to ponekad trebamo pohraniti te kola\u010di\u0107e. Tako\u0111er \u0107emo podijeliti kako mo\u017eete sprije\u010diti pohranu ovih kola\u010di\u0107a, me\u0111utim, to mo\u017ee smanjiti ili &#8220;pokvariti&#8221; odre\u0111ene funkcije web stranice.<\/p><p>\u00a0<\/p><h3><strong>Kako koristimo kola\u010di\u0107e<\/strong><\/h3><p>Kola\u010di\u0107e koristimo iz razli\u010ditih razloga navedenih u nastavku. Na\u017ealost, u ve\u0107ini slu\u010dajeva ne postoje industrijski standardi za isklju\u010divanje kola\u010di\u0107a bez potpunog isklju\u010divanja funkcionalnosti i zna\u010dajki koje dodaju ovoj stranici. Preporu\u010duje se da ostavite uklju\u010dene sve kola\u010di\u0107e ako niste sigurni trebaju li vam ili ne, u slu\u010daju da se koriste za pru\u017eanje usluge koju koristite.<\/p><p>\u00a0<\/p><h3><strong>Onemogu\u0107avanje kola\u010di\u0107a<\/strong><\/h3><p>Mo\u017eete sprije\u010diti postavljanje kola\u010di\u0107a prilago\u0111avanjem postavki u va\u0161em pregledniku (pogledajte pomo\u0107 svog preglednika za to). Imajte na umu da \u0107e onemogu\u0107avanje kola\u010di\u0107a utjecati na funkcionalnost ove i mnogih drugih web stranica koje posje\u0107ujete. Onemogu\u0107avanje kola\u010di\u0107a obi\u010dno rezultira i onemogu\u0107avanjem odre\u0111enih funkcionalnosti i zna\u010dajki ove stranice. Stoga se preporu\u010duje da ne isklju\u010dujete kola\u010di\u0107e.<\/p><p>\u00a0<\/p><h3><strong>Kola\u010di\u0107i koje postavljamo<\/strong><\/h3><p>Kola\u010di\u0107i za postavke web stranice: Da bismo vam pru\u017eili izvrsno iskustvo na ovoj stranici, nudimo funkcionalnost za postavljanje va\u0161ih preferenci o na\u010dinu rada stranice kada je koristite. Kako bismo zapamtili va\u0161e preferencije, trebamo postaviti kola\u010di\u0107e kako bi se te informacije mogle dohvatiti kad god stupite u interakciju sa stranicom na koju va\u0161e postavke utje\u010du.<\/p><p>\u00a0<\/p><h3><strong>Kola\u010di\u0107i tre\u0107ih strana<\/strong><\/h3><p>U nekim posebnim slu\u010dajevima tako\u0111er koristimo kola\u010di\u0107e koje pru\u017eaju pouzdane tre\u0107e strane. Sljede\u0107i dio opisuje kola\u010di\u0107e tre\u0107ih strana koje mo\u017eete susresti putem ove stranice.<\/p><p>\u00a0<\/p><h3><strong>Kola\u010di\u0107i tre\u0107ih strana<\/strong><\/h3><p>Ova stranica koristi Google Analytics, jedno od najra\u0161irenijih i najpouzdanijih analiti\u010dkih rje\u0161enja na webu, koje nam poma\u017ee razumjeti kako koristite stranicu i kako mo\u017eemo pobolj\u0161ati va\u0161e iskustvo. Ovi kola\u010di\u0107i mogu pratiti stvari poput vremena koje provodite na stranici i stranica koje posje\u0107ujete kako bismo nastavili proizvoditi zanimljiv sadr\u017eaj. Za vi\u0161e informacija o kola\u010di\u0107ima Google Analyticsa, pogledajte slu\u017ebenu stranicu Google Analyticsa.<\/p><p><strong>Vi\u0161e informacija<\/strong><\/p><p>Nadamo se da vam je ovo razjasnilo stvari i, kao \u0161to je prethodno spomenuto, ako postoji ne\u0161to u \u0161to niste sigurni treba li vam ili ne, obi\u010dno je sigurnije ostaviti kola\u010di\u0107e omogu\u0107ene u slu\u010daju da stupaju u interakciju s nekom od zna\u010dajki koje koristite na na\u0161oj stranici. Me\u0111utim, ako jo\u0161 uvijek tra\u017eite dodatne informacije, mo\u017eete nas kontaktirati putem jednog od na\u0161ih preferiranih na\u010dina:<\/p><p>Email: <a rel=\"noopener\">info@rauchemedical.com<\/a><\/p><p>\u00a0<\/p><h3><strong>A\u017euriranja politike<\/strong><\/h3><p>Zadr\u017eavamo pravo a\u017euriranja ove Politike kola\u010di\u0107a s vremena na vrijeme. Sve promjene bit \u0107e objavljene na ovoj stranici s a\u017euriranim datumom revizije. Preporu\u010dujemo da povremeno provjerite ima li promjena.<\/p><p>Zadnje a\u017eurirano: 29.2.2024.<\/p><p>Kori\u0161tenjem na\u0161e web stranice ovime pristajete na na\u0161u Politiku kola\u010di\u0107a i sla\u017eete se s njezinim uvjetima.<\/p><p>Ova Politika kola\u010di\u0107a stvorena je uz pomo\u0107 CookiePolicyGenerator.com<\/p>\t\t\t\t\t\t\t\t<\/div>\n\t\t\t\t<\/div>\n\t\t\t\t\t<\/div>\n\t\t\t\t<\/div>\n\t\t\t\t<\/div>\n\t\t","protected":false},"excerpt":{"rendered":"<p>Politika Kola\u010di\u0107a Ovo je Politika kola\u010di\u0107a za Rauch\u00e9 Medical, dostupna na rauchemedical.com. \u00a0 \u0160to su kola\u010di\u0107i Kao \u0161to je uobi\u010dajena praksa kod gotovo svih profesionalnih web stranica, ova stranica koristi kola\u010di\u0107e, male datoteke koje se preuzimaju na va\u0161e ra\u010dunalo, kako bi se pobolj\u0161alo va\u0161e iskustvo. Ova stranica opisuje koje informacije prikupljaju, kako ih koristimo i [&hellip;]<\/p>\n","protected":false},"author":1,"featured_media":0,"parent":0,"menu_order":0,"comment_status":"closed","ping_status":"closed","template":"","meta":{"inline_featured_image":false,"footnotes":""},"class_list":["post-4262","page","type-page","status-publish","hentry"],"yoast_head":"<!-- This site is optimized with the Yoast SEO plugin v27.5 - https:\/\/yoast.com\/product\/yoast-seo-wordpress\/ -->\n<title>Politika kola\u010di\u0107a - Rauch\u00e9 Medical<\/title>\n<meta name=\"description\" content=\"Rauch\u00e9 Medical d.o.o. is a trading company whose primary business is the wholesale of medical products, which includes, among other things, the registration, promotion, and distribution of medical devices with a focus on anesthesiology, intensive care, interventional radiology, invasive cardiology, orthopedics, oncology, and surgery. In Bosnia and Herzegovina, Rauch\u00e9 Medical operates as a wholesale distributor of medical devices.\" \/>\n<meta name=\"robots\" content=\"index, follow, max-snippet:-1, max-image-preview:large, max-video-preview:-1\" \/>\n<link rel=\"canonical\" href=\"https:\/\/www.rauchemedical.ba\/hr\/politika-kolacica\/\" \/>\n<meta property=\"og:locale\" content=\"hr_HR\" \/>\n<meta property=\"og:type\" content=\"article\" \/>\n<meta property=\"og:title\" content=\"Politika kola\u010di\u0107a - Rauch\u00e9 Medical\" \/>\n<meta property=\"og:description\" content=\"Rauch\u00e9 Medical d.o.o. is a trading company whose primary business is the wholesale of medical products, which includes, among other things, the registration, promotion, and distribution of medical devices with a focus on anesthesiology, intensive care, interventional radiology, invasive cardiology, orthopedics, oncology, and surgery. In Bosnia and Herzegovina, Rauch\u00e9 Medical operates as a wholesale distributor of medical devices.\" \/>\n<meta property=\"og:url\" content=\"https:\/\/www.rauchemedical.ba\/hr\/politika-kolacica\/\" \/>\n<meta property=\"og:site_name\" content=\"Rauch\u00e9 Medical\" \/>\n<meta property=\"article:modified_time\" content=\"2024-10-18T08:57:01+00:00\" \/>\n<meta name=\"twitter:card\" content=\"summary_large_image\" \/>\n<meta name=\"twitter:label1\" content=\"Procijenjeno vrijeme \u010ditanja\" \/>\n\t<meta name=\"twitter:data1\" content=\"3 minute\" \/>\n<script type=\"application\/ld+json\" class=\"yoast-schema-graph\">{\"@context\":\"https:\\\/\\\/schema.org\",\"@graph\":[{\"@type\":\"WebPage\",\"@id\":\"https:\\\/\\\/www.rauchemedical.ba\\\/hr\\\/politika-kolacica\\\/\",\"url\":\"https:\\\/\\\/www.rauchemedical.ba\\\/hr\\\/politika-kolacica\\\/\",\"name\":\"Politika kola\u010di\u0107a - Rauch\u00e9 Medical\",\"isPartOf\":{\"@id\":\"https:\\\/\\\/www.rauchemedical.ba\\\/hr\\\/#website\"},\"datePublished\":\"2024-06-11T08:02:33+00:00\",\"dateModified\":\"2024-10-18T08:57:01+00:00\",\"description\":\"Rauch\u00e9 Medical d.o.o. is a trading company whose primary business is the wholesale of medical products, which includes, among other things, the registration, promotion, and distribution of medical devices with a focus on anesthesiology, intensive care, interventional radiology, invasive cardiology, orthopedics, oncology, and surgery. In Bosnia and Herzegovina, Rauch\u00e9 Medical operates as a wholesale distributor of medical devices.\",\"breadcrumb\":{\"@id\":\"https:\\\/\\\/www.rauchemedical.ba\\\/hr\\\/politika-kolacica\\\/#breadcrumb\"},\"inLanguage\":\"hr\",\"potentialAction\":[{\"@type\":\"ReadAction\",\"target\":[\"https:\\\/\\\/www.rauchemedical.ba\\\/hr\\\/politika-kolacica\\\/\"]}]},{\"@type\":\"BreadcrumbList\",\"@id\":\"https:\\\/\\\/www.rauchemedical.ba\\\/hr\\\/politika-kolacica\\\/#breadcrumb\",\"itemListElement\":[{\"@type\":\"ListItem\",\"position\":1,\"name\":\"Home\",\"item\":\"https:\\\/\\\/www.rauchemedical.ba\\\/hr\\\/\"},{\"@type\":\"ListItem\",\"position\":2,\"name\":\"Politika kola\u010di\u0107a\"}]},{\"@type\":\"WebSite\",\"@id\":\"https:\\\/\\\/www.rauchemedical.ba\\\/hr\\\/#website\",\"url\":\"https:\\\/\\\/www.rauchemedical.ba\\\/hr\\\/\",\"name\":\"Rauch\u00e9 Medical\",\"description\":\"Commitment for Life\",\"publisher\":{\"@id\":\"https:\\\/\\\/www.rauchemedical.ba\\\/hr\\\/#organization\"},\"alternateName\":\"Rauch\u00e9medical\",\"potentialAction\":[{\"@type\":\"SearchAction\",\"target\":{\"@type\":\"EntryPoint\",\"urlTemplate\":\"https:\\\/\\\/www.rauchemedical.ba\\\/hr\\\/?s={search_term_string}\"},\"query-input\":{\"@type\":\"PropertyValueSpecification\",\"valueRequired\":true,\"valueName\":\"search_term_string\"}}],\"inLanguage\":\"hr\"},{\"@type\":\"Organization\",\"@id\":\"https:\\\/\\\/www.rauchemedical.ba\\\/hr\\\/#organization\",\"name\":\"Rauch\u00e9 Medical\",\"alternateName\":\"Rauch\u00e9 Medical\",\"url\":\"https:\\\/\\\/www.rauchemedical.ba\\\/hr\\\/\",\"logo\":{\"@type\":\"ImageObject\",\"inLanguage\":\"hr\",\"@id\":\"https:\\\/\\\/www.rauchemedical.ba\\\/hr\\\/#\\\/schema\\\/logo\\\/image\\\/\",\"url\":\"https:\\\/\\\/www.rauchemedical.ba\\\/wp-content\\\/uploads\\\/2024\\\/06\\\/rauchemedical-monogram-_RM-Monogram-Color.svg\",\"contentUrl\":\"https:\\\/\\\/www.rauchemedical.ba\\\/wp-content\\\/uploads\\\/2024\\\/06\\\/rauchemedical-monogram-_RM-Monogram-Color.svg\",\"width\":226,\"height\":191,\"caption\":\"Rauch\u00e9 Medical\"},\"image\":{\"@id\":\"https:\\\/\\\/www.rauchemedical.ba\\\/hr\\\/#\\\/schema\\\/logo\\\/image\\\/\"}}]}<\/script>\n<!-- \/ Yoast SEO plugin. -->","yoast_head_json":{"title":"Politika kola\u010di\u0107a - Rauch\u00e9 Medical","description":"Rauch\u00e9 Medical d.o.o. is a trading company whose primary business is the wholesale of medical products, which includes, among other things, the registration, promotion, and distribution of medical devices with a focus on anesthesiology, intensive care, interventional radiology, invasive cardiology, orthopedics, oncology, and surgery. In Bosnia and Herzegovina, Rauch\u00e9 Medical operates as a wholesale distributor of medical devices.","robots":{"index":"index","follow":"follow","max-snippet":"max-snippet:-1","max-image-preview":"max-image-preview:large","max-video-preview":"max-video-preview:-1"},"canonical":"https:\/\/www.rauchemedical.ba\/hr\/politika-kolacica\/","og_locale":"hr_HR","og_type":"article","og_title":"Politika kola\u010di\u0107a - Rauch\u00e9 Medical","og_description":"Rauch\u00e9 Medical d.o.o. is a trading company whose primary business is the wholesale of medical products, which includes, among other things, the registration, promotion, and distribution of medical devices with a focus on anesthesiology, intensive care, interventional radiology, invasive cardiology, orthopedics, oncology, and surgery. In Bosnia and Herzegovina, Rauch\u00e9 Medical operates as a wholesale distributor of medical devices.","og_url":"https:\/\/www.rauchemedical.ba\/hr\/politika-kolacica\/","og_site_name":"Rauch\u00e9 Medical","article_modified_time":"2024-10-18T08:57:01+00:00","twitter_card":"summary_large_image","twitter_misc":{"Procijenjeno vrijeme \u010ditanja":"3 minute"},"schema":{"@context":"https:\/\/schema.org","@graph":[{"@type":"WebPage","@id":"https:\/\/www.rauchemedical.ba\/hr\/politika-kolacica\/","url":"https:\/\/www.rauchemedical.ba\/hr\/politika-kolacica\/","name":"Politika kola\u010di\u0107a - Rauch\u00e9 Medical","isPartOf":{"@id":"https:\/\/www.rauchemedical.ba\/hr\/#website"},"datePublished":"2024-06-11T08:02:33+00:00","dateModified":"2024-10-18T08:57:01+00:00","description":"Rauch\u00e9 Medical d.o.o. is a trading company whose primary business is the wholesale of medical products, which includes, among other things, the registration, promotion, and distribution of medical devices with a focus on anesthesiology, intensive care, interventional radiology, invasive cardiology, orthopedics, oncology, and surgery. In Bosnia and Herzegovina, Rauch\u00e9 Medical operates as a wholesale distributor of medical devices.","breadcrumb":{"@id":"https:\/\/www.rauchemedical.ba\/hr\/politika-kolacica\/#breadcrumb"},"inLanguage":"hr","potentialAction":[{"@type":"ReadAction","target":["https:\/\/www.rauchemedical.ba\/hr\/politika-kolacica\/"]}]},{"@type":"BreadcrumbList","@id":"https:\/\/www.rauchemedical.ba\/hr\/politika-kolacica\/#breadcrumb","itemListElement":[{"@type":"ListItem","position":1,"name":"Home","item":"https:\/\/www.rauchemedical.ba\/hr\/"},{"@type":"ListItem","position":2,"name":"Politika kola\u010di\u0107a"}]},{"@type":"WebSite","@id":"https:\/\/www.rauchemedical.ba\/hr\/#website","url":"https:\/\/www.rauchemedical.ba\/hr\/","name":"Rauch\u00e9 Medical","description":"Commitment for Life","publisher":{"@id":"https:\/\/www.rauchemedical.ba\/hr\/#organization"},"alternateName":"Rauch\u00e9medical","potentialAction":[{"@type":"SearchAction","target":{"@type":"EntryPoint","urlTemplate":"https:\/\/www.rauchemedical.ba\/hr\/?s={search_term_string}"},"query-input":{"@type":"PropertyValueSpecification","valueRequired":true,"valueName":"search_term_string"}}],"inLanguage":"hr"},{"@type":"Organization","@id":"https:\/\/www.rauchemedical.ba\/hr\/#organization","name":"Rauch\u00e9 Medical","alternateName":"Rauch\u00e9 Medical","url":"https:\/\/www.rauchemedical.ba\/hr\/","logo":{"@type":"ImageObject","inLanguage":"hr","@id":"https:\/\/www.rauchemedical.ba\/hr\/#\/schema\/logo\/image\/","url":"https:\/\/www.rauchemedical.ba\/wp-content\/uploads\/2024\/06\/rauchemedical-monogram-_RM-Monogram-Color.svg","contentUrl":"https:\/\/www.rauchemedical.ba\/wp-content\/uploads\/2024\/06\/rauchemedical-monogram-_RM-Monogram-Color.svg","width":226,"height":191,"caption":"Rauch\u00e9 Medical"},"image":{"@id":"https:\/\/www.rauchemedical.ba\/hr\/#\/schema\/logo\/image\/"}}]}},"_links":{"self":[{"href":"https:\/\/www.rauchemedical.ba\/hr\/wp-json\/wp\/v2\/pages\/4262","targetHints":{"allow":["GET"]}}],"collection":[{"href":"https:\/\/www.rauchemedical.ba\/hr\/wp-json\/wp\/v2\/pages"}],"about":[{"href":"https:\/\/www.rauchemedical.ba\/hr\/wp-json\/wp\/v2\/types\/page"}],"author":[{"embeddable":true,"href":"https:\/\/www.rauchemedical.ba\/hr\/wp-json\/wp\/v2\/users\/1"}],"replies":[{"embeddable":true,"href":"https:\/\/www.rauchemedical.ba\/hr\/wp-json\/wp\/v2\/comments?post=4262"}],"version-history":[{"count":3,"href":"https:\/\/www.rauchemedical.ba\/hr\/wp-json\/wp\/v2\/pages\/4262\/revisions"}],"predecessor-version":[{"id":4982,"href":"https:\/\/www.rauchemedical.ba\/hr\/wp-json\/wp\/v2\/pages\/4262\/revisions\/4982"}],"wp:attachment":[{"href":"https:\/\/www.rauchemedical.ba\/hr\/wp-json\/wp\/v2\/media?parent=4262"}],"curies":[{"name":"wp","href":"https:\/\/api.w.org\/{rel}","templated":true}]}}