{"id":4264,"date":"2024-06-11T07:53:16","date_gmt":"2024-06-11T07:53:16","guid":{"rendered":"https:\/\/www.rauchemedical.ba\/privacy-policy\/"},"modified":"2024-10-18T09:04:09","modified_gmt":"2024-10-18T09:04:09","slug":"privacy-policy","status":"publish","type":"page","link":"https:\/\/www.rauchemedical.ba\/hr\/privacy-policy\/","title":{"rendered":"Politika privatnosti"},"content":{"rendered":"\t\t<div data-elementor-type=\"wp-page\" data-elementor-id=\"4264\" class=\"elementor elementor-4264 elementor-4224\">\n\t\t\t\t<div class=\"elementor-element elementor-element-7a263f0 e-flex e-con-boxed e-con e-parent\" data-id=\"7a263f0\" data-element_type=\"container\" data-e-type=\"container\">\n\t\t\t\t\t<div class=\"e-con-inner\">\n\t\t\t\t<div class=\"elementor-element elementor-element-45db95a elementor-widget elementor-widget-text-editor\" data-id=\"45db95a\" data-element_type=\"widget\" data-e-type=\"widget\" data-widget_type=\"text-editor.default\">\n\t\t\t\t<div class=\"elementor-widget-container\">\n\t\t\t\t\t\t\t\t\t<h1><strong>Pravila privatnosti<\/strong><\/h1><p>\u00a0<\/p><h3><strong>Tko smo<\/strong><\/h3><p>Adresa na\u0161e web stranice je: <a href=\"https:\/\/www.rauchemedical.ba\" target=\"_new\" rel=\"noopener\">https:\/\/rauchemedical.com<\/a><\/p><p>\u00a0<\/p><h3><strong>Komentari<\/strong><\/h3><p>Kada posjetitelji ostave komentare na stranici, prikupljamo podatke prikazane u obrascu za komentare, kao i IP adresu posjetitelja i niz korisni\u010dkog agenta preglednika kako bismo pomogli u otkrivanju ne\u017eeljene po\u0161te.<\/p><p>Anonimizirani niz stvoren iz va\u0161e adrese e-po\u0161te (koji se naziva hash) mo\u017ee biti dostavljen usluzi Gravatar kako bi se provjerilo koristite li je. Pravila privatnosti usluge Gravatar dostupna su ovdje. Nakon odobrenja va\u0161eg komentara, va\u0161a profilna slika bit \u0107e vidljiva javnosti u kontekstu va\u0161eg komentara.<\/p><p>\u00a0<\/p><h3><strong>Mediji<\/strong><\/h3><p>Ako prenosite slike na web stranicu, trebali biste izbjegavati prijenos slika koje sadr\u017ee ugra\u0111ene podatke o lokaciji (EXIF GPS). Posjetitelji web stranice mogu preuzeti i izdvojiti bilo koje podatke o lokaciji iz slika na web stranici.<\/p><p>\u00a0<\/p><h3><strong>Kola\u010di\u0107i<\/strong><\/h3><p>Ako ostavite komentar na na\u0161oj stranici, mo\u017eete se odlu\u010diti za spremanje va\u0161eg imena, adrese e-po\u0161te i web stranice u kola\u010di\u0107e. To je radi va\u0161e prakti\u010dnosti kako ne biste morali ponovno ispunjavati svoje podatke kada ostavite drugi komentar. Ovi kola\u010di\u0107i trajat \u0107e godinu dana.<\/p><p>Ako posjetite na\u0161u stranicu za prijavu, postavit \u0107emo privremeni kola\u010di\u0107 kako bismo utvrdili prihva\u0107a li va\u0161 preglednik kola\u010di\u0107e. Ovaj kola\u010di\u0107 ne sadr\u017ei nikakve osobne podatke i bit \u0107e uklonjen kada zatvorite preglednik.<\/p><p>Kada se prijavite, tako\u0111er \u0107emo postaviti nekoliko kola\u010di\u0107a za spremanje va\u0161ih podataka za prijavu i postavki zaslona. Kola\u010di\u0107i za prijavu traju dva dana, a kola\u010di\u0107i za opcije zaslona godinu dana. Ako odaberete opciju &#8220;Zapamti me&#8221;, va\u0161a prijava trajat \u0107e dva tjedna. Ako se odjavite sa svog ra\u010duna, kola\u010di\u0107i za prijavu bit \u0107e uklonjeni.<\/p><p>Ako uredite ili objavite \u010dlanak, dodatni kola\u010di\u0107 bit \u0107e spremljen u va\u0161 preglednik. Ovaj kola\u010di\u0107 ne sadr\u017ei osobne podatke i jednostavno ozna\u010dava ID posta \u010dlanka koji ste upravo uredili. Istje\u010de nakon 1 dana.<\/p><p>\u00a0<\/p><h3><strong>Ugra\u0111eni sadr\u017eaj s drugih web stranica<\/strong><\/h3><p>\u010clanci na ovoj stranici mogu sadr\u017eavati ugra\u0111eni sadr\u017eaj (npr. videozapise, slike, \u010dlanke, itd.). Ugra\u0111eni sadr\u017eaj s drugih web stranica pona\u0161a se na isti na\u010din kao da je posjetitelj posjetio tu drugu web stranicu.<\/p><p>Te web stranice mogu prikupljati podatke o vama, koristiti kola\u010di\u0107e, ugraditi dodatno pra\u0107enje od strane tre\u0107ih strana i nadzirati va\u0161u interakciju s tim ugra\u0111enim sadr\u017eajem, uklju\u010duju\u0107i pra\u0107enje va\u0161e interakcije s ugra\u0111enim sadr\u017eajem ako imate ra\u010dun i prijavljeni ste na toj web stranici.<\/p><p>\u00a0<\/p><h3><strong>S kime dijelimo va\u0161e podatke<\/strong><\/h3><p>Ako zatra\u017eite resetiranje lozinke, va\u0161a IP adresa bit \u0107e uklju\u010dena u e-po\u0161tu za resetiranje.<\/p><p>\u00a0<\/p><h3><strong>Koliko dugo zadr\u017eavamo va\u0161e podatke<\/strong><\/h3><p>Ako ostavite komentar, komentar i njegovi metapodaci zadr\u017eavaju se neograni\u010deno. Ovo je kako bismo mogli automatski prepoznati i odobriti bilo kakve naknadne komentare umjesto da ih dr\u017eimo u redu za moderiranje.<\/p><p>Za korisnike koji se registriraju na na\u0161oj web stranici (ako ih ima), tako\u0111er pohranjujemo osobne podatke koje pru\u017eaju u svom korisni\u010dkom profilu. Svi korisnici mogu vidjeti, urediti ili izbrisati svoje osobne podatke u bilo kojem trenutku (osim \u0161to ne mogu promijeniti svoje korisni\u010dko ime). Administratori web stranice tako\u0111er mogu vidjeti i urediti te podatke.<\/p><p>\u00a0<\/p><h3><strong>Koja prava imate nad svojim podacima<\/strong><\/h3><p>Ako imate ra\u010dun na ovoj stranici ili ste ostavili komentare, mo\u017eete zatra\u017eiti da primite izvezeni datoteku osobnih podataka koje dr\u017eimo o vama, uklju\u010duju\u0107i sve podatke koje ste nam pru\u017eili. Tako\u0111er mo\u017eete zatra\u017eiti da izbri\u0161emo bilo koje osobne podatke koje dr\u017eimo o vama. To ne uklju\u010duje nikakve podatke koje smo obvezni \u010duvati u administrativne, pravne ili sigurnosne svrhe.<\/p><p>\u00a0<\/p><h3><strong>Gdje se va\u0161i podaci \u0161alju<\/strong><\/h3><p>Komentari posjetitelja mogu se provjeravati putem automatske usluge za otkrivanje ne\u017eeljene po\u0161te.<\/p>\t\t\t\t\t\t\t\t<\/div>\n\t\t\t\t<\/div>\n\t\t\t\t\t<\/div>\n\t\t\t\t<\/div>\n\t\t\t\t<\/div>\n\t\t","protected":false},"excerpt":{"rendered":"<p>Pravila privatnosti \u00a0 Tko smo Adresa na\u0161e web stranice je: https:\/\/rauchemedical.com \u00a0 Komentari Kada posjetitelji ostave komentare na stranici, prikupljamo podatke prikazane u obrascu za komentare, kao i IP adresu posjetitelja i niz korisni\u010dkog agenta preglednika kako bismo pomogli u otkrivanju ne\u017eeljene po\u0161te. Anonimizirani niz stvoren iz va\u0161e adrese e-po\u0161te (koji se naziva hash) mo\u017ee [&hellip;]<\/p>\n","protected":false},"author":1,"featured_media":0,"parent":0,"menu_order":0,"comment_status":"closed","ping_status":"closed","template":"","meta":{"inline_featured_image":false,"footnotes":""},"class_list":["post-4264","page","type-page","status-publish","hentry"],"yoast_head":"<!-- This site is optimized with the Yoast SEO plugin v27.5 - https:\/\/yoast.com\/product\/yoast-seo-wordpress\/ -->\n<title>Politika privatnosti - Rauch\u00e9 Medical<\/title>\n<meta name=\"description\" content=\"Rauch\u00e9 Medical d.o.o. is a trading company whose primary business is the wholesale of medical products, which includes, among other things, the registration, promotion, and distribution of medical devices with a focus on anesthesiology, intensive care, interventional radiology, invasive cardiology, orthopedics, oncology, and surgery. In Bosnia and Herzegovina, Rauch\u00e9 Medical operates as a wholesale distributor of medical devices.\" \/>\n<meta name=\"robots\" content=\"index, follow, max-snippet:-1, max-image-preview:large, max-video-preview:-1\" \/>\n<link rel=\"canonical\" href=\"https:\/\/www.rauchemedical.ba\/hr\/privacy-policy\/\" \/>\n<meta property=\"og:locale\" content=\"hr_HR\" \/>\n<meta property=\"og:type\" content=\"article\" \/>\n<meta property=\"og:title\" content=\"Politika privatnosti - Rauch\u00e9 Medical\" \/>\n<meta property=\"og:description\" content=\"Rauch\u00e9 Medical d.o.o. is a trading company whose primary business is the wholesale of medical products, which includes, among other things, the registration, promotion, and distribution of medical devices with a focus on anesthesiology, intensive care, interventional radiology, invasive cardiology, orthopedics, oncology, and surgery. In Bosnia and Herzegovina, Rauch\u00e9 Medical operates as a wholesale distributor of medical devices.\" \/>\n<meta property=\"og:url\" content=\"https:\/\/www.rauchemedical.ba\/hr\/privacy-policy\/\" \/>\n<meta property=\"og:site_name\" content=\"Rauch\u00e9 Medical\" \/>\n<meta property=\"article:modified_time\" content=\"2024-10-18T09:04:09+00:00\" \/>\n<meta name=\"twitter:card\" content=\"summary_large_image\" \/>\n<meta name=\"twitter:label1\" content=\"Procijenjeno vrijeme \u010ditanja\" \/>\n\t<meta name=\"twitter:data1\" content=\"4 minute\" \/>\n<script type=\"application\/ld+json\" class=\"yoast-schema-graph\">{\"@context\":\"https:\\\/\\\/schema.org\",\"@graph\":[{\"@type\":\"WebPage\",\"@id\":\"https:\\\/\\\/www.rauchemedical.ba\\\/hr\\\/privacy-policy\\\/\",\"url\":\"https:\\\/\\\/www.rauchemedical.ba\\\/hr\\\/privacy-policy\\\/\",\"name\":\"Politika privatnosti - Rauch\u00e9 Medical\",\"isPartOf\":{\"@id\":\"https:\\\/\\\/www.rauchemedical.ba\\\/hr\\\/#website\"},\"datePublished\":\"2024-06-11T07:53:16+00:00\",\"dateModified\":\"2024-10-18T09:04:09+00:00\",\"description\":\"Rauch\u00e9 Medical d.o.o. is a trading company whose primary business is the wholesale of medical products, which includes, among other things, the registration, promotion, and distribution of medical devices with a focus on anesthesiology, intensive care, interventional radiology, invasive cardiology, orthopedics, oncology, and surgery. In Bosnia and Herzegovina, Rauch\u00e9 Medical operates as a wholesale distributor of medical devices.\",\"breadcrumb\":{\"@id\":\"https:\\\/\\\/www.rauchemedical.ba\\\/hr\\\/privacy-policy\\\/#breadcrumb\"},\"inLanguage\":\"hr\",\"potentialAction\":[{\"@type\":\"ReadAction\",\"target\":[\"https:\\\/\\\/www.rauchemedical.ba\\\/hr\\\/privacy-policy\\\/\"]}]},{\"@type\":\"BreadcrumbList\",\"@id\":\"https:\\\/\\\/www.rauchemedical.ba\\\/hr\\\/privacy-policy\\\/#breadcrumb\",\"itemListElement\":[{\"@type\":\"ListItem\",\"position\":1,\"name\":\"Home\",\"item\":\"https:\\\/\\\/www.rauchemedical.ba\\\/hr\\\/\"},{\"@type\":\"ListItem\",\"position\":2,\"name\":\"Politika privatnosti\"}]},{\"@type\":\"WebSite\",\"@id\":\"https:\\\/\\\/www.rauchemedical.ba\\\/hr\\\/#website\",\"url\":\"https:\\\/\\\/www.rauchemedical.ba\\\/hr\\\/\",\"name\":\"Rauch\u00e9 Medical\",\"description\":\"Commitment for Life\",\"publisher\":{\"@id\":\"https:\\\/\\\/www.rauchemedical.ba\\\/hr\\\/#organization\"},\"alternateName\":\"Rauch\u00e9medical\",\"potentialAction\":[{\"@type\":\"SearchAction\",\"target\":{\"@type\":\"EntryPoint\",\"urlTemplate\":\"https:\\\/\\\/www.rauchemedical.ba\\\/hr\\\/?s={search_term_string}\"},\"query-input\":{\"@type\":\"PropertyValueSpecification\",\"valueRequired\":true,\"valueName\":\"search_term_string\"}}],\"inLanguage\":\"hr\"},{\"@type\":\"Organization\",\"@id\":\"https:\\\/\\\/www.rauchemedical.ba\\\/hr\\\/#organization\",\"name\":\"Rauch\u00e9 Medical\",\"alternateName\":\"Rauch\u00e9 Medical\",\"url\":\"https:\\\/\\\/www.rauchemedical.ba\\\/hr\\\/\",\"logo\":{\"@type\":\"ImageObject\",\"inLanguage\":\"hr\",\"@id\":\"https:\\\/\\\/www.rauchemedical.ba\\\/hr\\\/#\\\/schema\\\/logo\\\/image\\\/\",\"url\":\"https:\\\/\\\/www.rauchemedical.ba\\\/wp-content\\\/uploads\\\/2024\\\/06\\\/rauchemedical-monogram-_RM-Monogram-Color.svg\",\"contentUrl\":\"https:\\\/\\\/www.rauchemedical.ba\\\/wp-content\\\/uploads\\\/2024\\\/06\\\/rauchemedical-monogram-_RM-Monogram-Color.svg\",\"width\":226,\"height\":191,\"caption\":\"Rauch\u00e9 Medical\"},\"image\":{\"@id\":\"https:\\\/\\\/www.rauchemedical.ba\\\/hr\\\/#\\\/schema\\\/logo\\\/image\\\/\"}}]}<\/script>\n<!-- \/ Yoast SEO plugin. -->","yoast_head_json":{"title":"Politika privatnosti - Rauch\u00e9 Medical","description":"Rauch\u00e9 Medical d.o.o. is a trading company whose primary business is the wholesale of medical products, which includes, among other things, the registration, promotion, and distribution of medical devices with a focus on anesthesiology, intensive care, interventional radiology, invasive cardiology, orthopedics, oncology, and surgery. In Bosnia and Herzegovina, Rauch\u00e9 Medical operates as a wholesale distributor of medical devices.","robots":{"index":"index","follow":"follow","max-snippet":"max-snippet:-1","max-image-preview":"max-image-preview:large","max-video-preview":"max-video-preview:-1"},"canonical":"https:\/\/www.rauchemedical.ba\/hr\/privacy-policy\/","og_locale":"hr_HR","og_type":"article","og_title":"Politika privatnosti - Rauch\u00e9 Medical","og_description":"Rauch\u00e9 Medical d.o.o. is a trading company whose primary business is the wholesale of medical products, which includes, among other things, the registration, promotion, and distribution of medical devices with a focus on anesthesiology, intensive care, interventional radiology, invasive cardiology, orthopedics, oncology, and surgery. In Bosnia and Herzegovina, Rauch\u00e9 Medical operates as a wholesale distributor of medical devices.","og_url":"https:\/\/www.rauchemedical.ba\/hr\/privacy-policy\/","og_site_name":"Rauch\u00e9 Medical","article_modified_time":"2024-10-18T09:04:09+00:00","twitter_card":"summary_large_image","twitter_misc":{"Procijenjeno vrijeme \u010ditanja":"4 minute"},"schema":{"@context":"https:\/\/schema.org","@graph":[{"@type":"WebPage","@id":"https:\/\/www.rauchemedical.ba\/hr\/privacy-policy\/","url":"https:\/\/www.rauchemedical.ba\/hr\/privacy-policy\/","name":"Politika privatnosti - Rauch\u00e9 Medical","isPartOf":{"@id":"https:\/\/www.rauchemedical.ba\/hr\/#website"},"datePublished":"2024-06-11T07:53:16+00:00","dateModified":"2024-10-18T09:04:09+00:00","description":"Rauch\u00e9 Medical d.o.o. is a trading company whose primary business is the wholesale of medical products, which includes, among other things, the registration, promotion, and distribution of medical devices with a focus on anesthesiology, intensive care, interventional radiology, invasive cardiology, orthopedics, oncology, and surgery. In Bosnia and Herzegovina, Rauch\u00e9 Medical operates as a wholesale distributor of medical devices.","breadcrumb":{"@id":"https:\/\/www.rauchemedical.ba\/hr\/privacy-policy\/#breadcrumb"},"inLanguage":"hr","potentialAction":[{"@type":"ReadAction","target":["https:\/\/www.rauchemedical.ba\/hr\/privacy-policy\/"]}]},{"@type":"BreadcrumbList","@id":"https:\/\/www.rauchemedical.ba\/hr\/privacy-policy\/#breadcrumb","itemListElement":[{"@type":"ListItem","position":1,"name":"Home","item":"https:\/\/www.rauchemedical.ba\/hr\/"},{"@type":"ListItem","position":2,"name":"Politika privatnosti"}]},{"@type":"WebSite","@id":"https:\/\/www.rauchemedical.ba\/hr\/#website","url":"https:\/\/www.rauchemedical.ba\/hr\/","name":"Rauch\u00e9 Medical","description":"Commitment for Life","publisher":{"@id":"https:\/\/www.rauchemedical.ba\/hr\/#organization"},"alternateName":"Rauch\u00e9medical","potentialAction":[{"@type":"SearchAction","target":{"@type":"EntryPoint","urlTemplate":"https:\/\/www.rauchemedical.ba\/hr\/?s={search_term_string}"},"query-input":{"@type":"PropertyValueSpecification","valueRequired":true,"valueName":"search_term_string"}}],"inLanguage":"hr"},{"@type":"Organization","@id":"https:\/\/www.rauchemedical.ba\/hr\/#organization","name":"Rauch\u00e9 Medical","alternateName":"Rauch\u00e9 Medical","url":"https:\/\/www.rauchemedical.ba\/hr\/","logo":{"@type":"ImageObject","inLanguage":"hr","@id":"https:\/\/www.rauchemedical.ba\/hr\/#\/schema\/logo\/image\/","url":"https:\/\/www.rauchemedical.ba\/wp-content\/uploads\/2024\/06\/rauchemedical-monogram-_RM-Monogram-Color.svg","contentUrl":"https:\/\/www.rauchemedical.ba\/wp-content\/uploads\/2024\/06\/rauchemedical-monogram-_RM-Monogram-Color.svg","width":226,"height":191,"caption":"Rauch\u00e9 Medical"},"image":{"@id":"https:\/\/www.rauchemedical.ba\/hr\/#\/schema\/logo\/image\/"}}]}},"_links":{"self":[{"href":"https:\/\/www.rauchemedical.ba\/hr\/wp-json\/wp\/v2\/pages\/4264","targetHints":{"allow":["GET"]}}],"collection":[{"href":"https:\/\/www.rauchemedical.ba\/hr\/wp-json\/wp\/v2\/pages"}],"about":[{"href":"https:\/\/www.rauchemedical.ba\/hr\/wp-json\/wp\/v2\/types\/page"}],"author":[{"embeddable":true,"href":"https:\/\/www.rauchemedical.ba\/hr\/wp-json\/wp\/v2\/users\/1"}],"replies":[{"embeddable":true,"href":"https:\/\/www.rauchemedical.ba\/hr\/wp-json\/wp\/v2\/comments?post=4264"}],"version-history":[{"count":3,"href":"https:\/\/www.rauchemedical.ba\/hr\/wp-json\/wp\/v2\/pages\/4264\/revisions"}],"predecessor-version":[{"id":4988,"href":"https:\/\/www.rauchemedical.ba\/hr\/wp-json\/wp\/v2\/pages\/4264\/revisions\/4988"}],"wp:attachment":[{"href":"https:\/\/www.rauchemedical.ba\/hr\/wp-json\/wp\/v2\/media?parent=4264"}],"curies":[{"name":"wp","href":"https:\/\/api.w.org\/{rel}","templated":true}]}}