{"id":4266,"date":"2024-05-13T07:51:05","date_gmt":"2024-05-13T07:51:05","guid":{"rendered":"https:\/\/www.rauchemedical.ba\/services\/"},"modified":"2024-10-18T07:40:45","modified_gmt":"2024-10-18T07:40:45","slug":"usluge","status":"publish","type":"page","link":"https:\/\/www.rauchemedical.ba\/hr\/usluge\/","title":{"rendered":"Usluge"},"content":{"rendered":"\t\t<div data-elementor-type=\"wp-page\" data-elementor-id=\"4266\" class=\"elementor elementor-4266 elementor-3729\">\n\t\t\t\t<div class=\"elementor-element elementor-element-3392e5b e-flex e-con-boxed e-con e-parent\" data-id=\"3392e5b\" data-element_type=\"container\" data-e-type=\"container\" data-settings=\"{&quot;background_background&quot;:&quot;classic&quot;}\">\n\t\t\t\t\t<div class=\"e-con-inner\">\n\t\t<div class=\"elementor-element elementor-element-146066d e-con-full e-flex e-con e-child\" data-id=\"146066d\" data-element_type=\"container\" data-e-type=\"container\">\n\t\t\t\t<div class=\"elementor-element elementor-element-f40e5fa elementor-widget elementor-widget-wellson_hero_title\" data-id=\"f40e5fa\" data-element_type=\"widget\" data-e-type=\"widget\" data-widget_type=\"wellson_hero_title.default\">\n\t\t\t\t<div class=\"elementor-widget-container\">\n\t\t\t\t\t    \n\t    \n    <div class=\"sec-title centred wellson-title-wrap\">\n        \t\t<span class=\"sub-title te-bn-subtitle\">Istra\u017eite <\/span>                \t\t<h2 class=\"te-bn-title wellson-size-default\">Na\u0161e Usluge<\/h2>        \t\t        <div class=\"te-bn-text\">\n            <p><div class=\"flex flex-grow flex-col max-w-full\"><div class=\"min-h-[20px] text-message flex flex-col items-start whitespace-pre-wrap break-words [.text-message+&amp;]:mt-5 juice:w-full juice:items-end overflow-x-auto gap-2\" dir=\"auto\" data-message-author-role=\"assistant\" data-message-id=\"5c3a149b-96a8-4f5e-b195-bec823624062\"><div class=\"flex w-full flex-col gap-1 juice:empty:hidden juice:first:pt-[3px]\"><div class=\"markdown prose w-full break-words dark:prose-invert light\"><p>U na\u0161ih 15 godina u industriji uspjeli smo usavr\u0161iti \u0161irok raspon na\u0161ih usluga poput na\u0161eg nevjerojatnog prodajnog tima, edukacija, rje\u0161enja, promocija i mnogo, mnogo vi\u0161e...<\/p><\/div><\/div><\/div><\/div><div class=\"mt-1 flex gap-3 empty:hidden juice:-ml-3\"><div class=\"items-center justify-start rounded-xl p-1 flex\"><div class=\"flex items-center\"><p>\u00a0<\/p><div class=\"flex\">\u00a0<\/div><div class=\"flex items-center pb-0.5 juice:pb-0\"><div class=\"[&amp;_svg]:h-full [&amp;_svg]:w-full icon-md h-4 w-4\">\u00a0<\/div><\/div><\/div><\/div><\/div><\/p>\n        <\/div>\n            <\/div>\n    \n    \n        \t\t\t\t<\/div>\n\t\t\t\t<\/div>\n\t\t\t\t<\/div>\n\t\t<div class=\"elementor-element elementor-element-7c8b733 e-con-full e-flex e-con e-child\" data-id=\"7c8b733\" data-element_type=\"container\" data-e-type=\"container\">\n\t\t\t\t<div class=\"elementor-element elementor-element-171b833 elementor-widget elementor-widget-wellson_service_grid\" data-id=\"171b833\" data-element_type=\"widget\" data-e-type=\"widget\" data-widget_type=\"wellson_service_grid.default\">\n\t\t\t\t<div class=\"elementor-widget-container\">\n\t\t\t\t\t    \n        \n    <!-- service-section -->\n    <section class=\"feature-style-three centred bn-service-grid p-0 m-0\">        \n        <div class=\"row clearfix\">\n                        <div class=\"col-lg-3 col-md-6 col-sm-12 feature-block\">\n                <div class=\"feature-block-two wellson-service\">\n                    <div class=\"inner-box\">                        \n                        <div class=\"icon-box\"><i class=\"fa fa-poll\"><\/i><\/div>\n                        <h3><a href=\"https:\/\/www.rauchemedical.ba\/hr\/usluge\/prodaja\/\" class=\"bn-service-title\">Prodaja<\/a><\/h3>\n                        <p class=\"bn-service-text\">Na\u0161 tim stru\u010dnjaka donosi \u0161iroko iskustvo u zdravstvenom sektoru na na\u0161em regionalnom podru\u010dju pokrivenosti.<\/p>\n                    <\/div>\n                <\/div>\n            <\/div>\n                        <div class=\"col-lg-3 col-md-6 col-sm-12 feature-block\">\n                <div class=\"feature-block-two wellson-service\">\n                    <div class=\"inner-box\">                        \n                        <div class=\"icon-box\"><i class=\"fa fa-file-certificate\"><\/i><\/div>\n                        <h3><a href=\"https:\/\/www.rauchemedical.ba\/hr\/usluge\/edukacija\/\" class=\"bn-service-title\">Edukacija<\/a><\/h3>\n                        <p class=\"bn-service-text\">Vjerujemo da se napredak u zdravstvu mo\u017ee ostvariti samo kada medicinski stru\u010dnjaci imaju pristup kontinuiranom obrazovanju.&hellip;<\/p>\n                    <\/div>\n                <\/div>\n            <\/div>\n                        <div class=\"col-lg-3 col-md-6 col-sm-12 feature-block\">\n                <div class=\"feature-block-two wellson-service\">\n                    <div class=\"inner-box\">                        \n                        <div class=\"icon-box\"><i class=\"fa fa-search-plus\"><\/i><\/div>\n                        <h3><a href=\"https:\/\/www.rauchemedical.ba\/hr\/usluge\/rjesenja\/\" class=\"bn-service-title\">Rje\u0161enja<\/a><\/h3>\n                        <p class=\"bn-service-text\">Suradnjom s medicinskim stru\u010dnjacima i razumijevanjem njihovih jedinstvenih zahtjeva, procjenjujemo ..<\/p>\n                    <\/div>\n                <\/div>\n            <\/div>\n                        <div class=\"col-lg-3 col-md-6 col-sm-12 feature-block\">\n                <div class=\"feature-block-two wellson-service\">\n                    <div class=\"inner-box\">                        \n                        <div class=\"icon-box\"><i class=\"fa fa-dolly\"><\/i><\/div>\n                        <h3><a href=\"https:\/\/www.rauchemedical.ba\/hr\/usluge\/distribucija\/\" class=\"bn-service-title\">Distribucija<\/a><\/h3>\n                        <p class=\"bn-service-text\">Kroz svoje tr\u017ei\u0161ne operacije tijekom godina, Rauch\u00e9 Medical je stekao reputaciju pouzdanog partnera za opskrbu medicinskim&hellip;<\/p>\n                    <\/div>\n                <\/div>\n            <\/div>\n                \t<\/div>\n    <\/section>\n       \n        \t\t\t\t<\/div>\n\t\t\t\t<\/div>\n\t\t\t\t<\/div>\n\t\t\t\t\t<\/div>\n\t\t\t\t<\/div>\n\t\t<div class=\"elementor-element elementor-element-01bccea e-con-full e-flex e-con e-parent\" data-id=\"01bccea\" data-element_type=\"container\" data-e-type=\"container\">\n\t\t\t\t<div class=\"elementor-element elementor-element-5145a25 elementor-widget elementor-widget-wellson_call_widget\" data-id=\"5145a25\" data-element_type=\"widget\" data-e-type=\"widget\" data-settings=\"{&quot;btn_padding&quot;:{&quot;unit&quot;:&quot;px&quot;,&quot;top&quot;:&quot;&quot;,&quot;right&quot;:&quot;&quot;,&quot;bottom&quot;:&quot;&quot;,&quot;left&quot;:&quot;&quot;,&quot;isLinked&quot;:true},&quot;btn_padding_tablet&quot;:{&quot;unit&quot;:&quot;px&quot;,&quot;top&quot;:&quot;&quot;,&quot;right&quot;:&quot;&quot;,&quot;bottom&quot;:&quot;&quot;,&quot;left&quot;:&quot;&quot;,&quot;isLinked&quot;:true},&quot;btn_padding_mobile&quot;:{&quot;unit&quot;:&quot;px&quot;,&quot;top&quot;:&quot;&quot;,&quot;right&quot;:&quot;&quot;,&quot;bottom&quot;:&quot;&quot;,&quot;left&quot;:&quot;&quot;,&quot;isLinked&quot;:true},&quot;btn_margin&quot;:{&quot;unit&quot;:&quot;px&quot;,&quot;top&quot;:&quot;&quot;,&quot;right&quot;:&quot;&quot;,&quot;bottom&quot;:&quot;&quot;,&quot;left&quot;:&quot;&quot;,&quot;isLinked&quot;:true},&quot;btn_margin_tablet&quot;:{&quot;unit&quot;:&quot;px&quot;,&quot;top&quot;:&quot;&quot;,&quot;right&quot;:&quot;&quot;,&quot;bottom&quot;:&quot;&quot;,&quot;left&quot;:&quot;&quot;,&quot;isLinked&quot;:true},&quot;btn_margin_mobile&quot;:{&quot;unit&quot;:&quot;px&quot;,&quot;top&quot;:&quot;&quot;,&quot;right&quot;:&quot;&quot;,&quot;bottom&quot;:&quot;&quot;,&quot;left&quot;:&quot;&quot;,&quot;isLinked&quot;:true}}\" data-widget_type=\"wellson_call_widget.default\">\n\t\t\t\t<div class=\"elementor-widget-container\">\n\t\t\t\t\t    \n        \n    <!-- video-section -->\n    <section class=\"video-section wellson-call-widget\">\n                <div class=\"bg-layer\" style=\"background-image: url(https:\/\/www.rauchemedical.ba\/wp-content\/uploads\/2024\/04\/Slider-4.png);\"><\/div>\n                <div class=\"auto-container\">\n            <div class=\"inner-box wellson-author-box\">\n                <h2 class=\"wellson-author-title\">Istra\u017eite na\u0161 Portfolio<\/h2>                <p class=\"wellson-author-designation\">Pokrivamo podru\u010dja kao \u0161to su anesteziologija i intenzivna skrb, interventna radiologija, invazivna kardiologija, ortopedija, onkologija, kirurgija, trauma i urologija.\n\n\n<\/p>                                <div class=\"btn-box\">\n                                        <div class=\"yt-btn\">\n                    \t<a href=\"https:\/\/www.rauchemedical.ba\/hr\/portfolio\/\"   class=\"theme-btn-two yt-btn-title-v1\">Portfolio<\/a>                        \n                    <\/div>\n                                                        <\/div>\n                            <\/div>\n        <\/div>\n    <\/section>\n    <!-- video-section end -->\t\n    \n    \t\t\t\t<\/div>\n\t\t\t\t<\/div>\n\t\t\t\t<\/div>\n\t\t\t\t<\/div>\n\t\t","protected":false},"excerpt":{"rendered":"<p>Istra\u017eite Na\u0161e Usluge U na\u0161ih 15 godina u industriji uspjeli smo usavr\u0161iti \u0161irok raspon na\u0161ih usluga poput na\u0161eg nevjerojatnog prodajnog tima, edukacija, rje\u0161enja, promocija i mnogo, mnogo vi\u0161e&#8230; \u00a0 \u00a0\u00a0 Prodaja Na\u0161 tim stru\u010dnjaka donosi \u0161iroko iskustvo u zdravstvenom sektoru na na\u0161em regionalnom podru\u010dju pokrivenosti. Edukacija Vjerujemo da se napredak u zdravstvu mo\u017ee ostvariti samo [&hellip;]<\/p>\n","protected":false},"author":1,"featured_media":0,"parent":0,"menu_order":0,"comment_status":"closed","ping_status":"closed","template":"tpl-default-elementor.php","meta":{"inline_featured_image":false,"footnotes":""},"class_list":["post-4266","page","type-page","status-publish","hentry"],"yoast_head":"<!-- This site is optimized with the Yoast SEO plugin v27.5 - https:\/\/yoast.com\/product\/yoast-seo-wordpress\/ -->\n<title>Usluge - Rauch\u00e9 Medical<\/title>\n<meta name=\"description\" content=\"Rauch\u00e9 Medical d.o.o. is a trading company whose primary business is the wholesale of medical products, which includes, among other things, the registration, promotion, and distribution of medical devices with a focus on anesthesiology, intensive care, interventional radiology, invasive cardiology, orthopedics, oncology, and surgery. In Bosnia and Herzegovina, Rauch\u00e9 Medical operates as a wholesale distributor of medical devices.\" \/>\n<meta name=\"robots\" content=\"index, follow, max-snippet:-1, max-image-preview:large, max-video-preview:-1\" \/>\n<link rel=\"canonical\" href=\"https:\/\/www.rauchemedical.ba\/hr\/usluge\/\" \/>\n<meta property=\"og:locale\" content=\"hr_HR\" \/>\n<meta property=\"og:type\" content=\"article\" \/>\n<meta property=\"og:title\" content=\"Usluge - Rauch\u00e9 Medical\" \/>\n<meta property=\"og:description\" content=\"Rauch\u00e9 Medical d.o.o. is a trading company whose primary business is the wholesale of medical products, which includes, among other things, the registration, promotion, and distribution of medical devices with a focus on anesthesiology, intensive care, interventional radiology, invasive cardiology, orthopedics, oncology, and surgery. In Bosnia and Herzegovina, Rauch\u00e9 Medical operates as a wholesale distributor of medical devices.\" \/>\n<meta property=\"og:url\" content=\"https:\/\/www.rauchemedical.ba\/hr\/usluge\/\" \/>\n<meta property=\"og:site_name\" content=\"Rauch\u00e9 Medical\" \/>\n<meta property=\"article:modified_time\" content=\"2024-10-18T07:40:45+00:00\" \/>\n<meta name=\"twitter:card\" content=\"summary_large_image\" \/>\n<meta name=\"twitter:label1\" content=\"Procijenjeno vrijeme \u010ditanja\" \/>\n\t<meta name=\"twitter:data1\" content=\"1 minuta\" \/>\n<script type=\"application\/ld+json\" class=\"yoast-schema-graph\">{\"@context\":\"https:\\\/\\\/schema.org\",\"@graph\":[{\"@type\":\"WebPage\",\"@id\":\"https:\\\/\\\/www.rauchemedical.ba\\\/hr\\\/usluge\\\/\",\"url\":\"https:\\\/\\\/www.rauchemedical.ba\\\/hr\\\/usluge\\\/\",\"name\":\"Usluge - Rauch\u00e9 Medical\",\"isPartOf\":{\"@id\":\"https:\\\/\\\/www.rauchemedical.ba\\\/hr\\\/#website\"},\"datePublished\":\"2024-05-13T07:51:05+00:00\",\"dateModified\":\"2024-10-18T07:40:45+00:00\",\"description\":\"Rauch\u00e9 Medical d.o.o. is a trading company whose primary business is the wholesale of medical products, which includes, among other things, the registration, promotion, and distribution of medical devices with a focus on anesthesiology, intensive care, interventional radiology, invasive cardiology, orthopedics, oncology, and surgery. In Bosnia and Herzegovina, Rauch\u00e9 Medical operates as a wholesale distributor of medical devices.\",\"breadcrumb\":{\"@id\":\"https:\\\/\\\/www.rauchemedical.ba\\\/hr\\\/usluge\\\/#breadcrumb\"},\"inLanguage\":\"hr\",\"potentialAction\":[{\"@type\":\"ReadAction\",\"target\":[\"https:\\\/\\\/www.rauchemedical.ba\\\/hr\\\/usluge\\\/\"]}]},{\"@type\":\"BreadcrumbList\",\"@id\":\"https:\\\/\\\/www.rauchemedical.ba\\\/hr\\\/usluge\\\/#breadcrumb\",\"itemListElement\":[{\"@type\":\"ListItem\",\"position\":1,\"name\":\"Home\",\"item\":\"https:\\\/\\\/www.rauchemedical.ba\\\/hr\\\/\"},{\"@type\":\"ListItem\",\"position\":2,\"name\":\"Usluge\"}]},{\"@type\":\"WebSite\",\"@id\":\"https:\\\/\\\/www.rauchemedical.ba\\\/hr\\\/#website\",\"url\":\"https:\\\/\\\/www.rauchemedical.ba\\\/hr\\\/\",\"name\":\"Rauch\u00e9 Medical\",\"description\":\"Commitment for Life\",\"publisher\":{\"@id\":\"https:\\\/\\\/www.rauchemedical.ba\\\/hr\\\/#organization\"},\"alternateName\":\"Rauch\u00e9medical\",\"potentialAction\":[{\"@type\":\"SearchAction\",\"target\":{\"@type\":\"EntryPoint\",\"urlTemplate\":\"https:\\\/\\\/www.rauchemedical.ba\\\/hr\\\/?s={search_term_string}\"},\"query-input\":{\"@type\":\"PropertyValueSpecification\",\"valueRequired\":true,\"valueName\":\"search_term_string\"}}],\"inLanguage\":\"hr\"},{\"@type\":\"Organization\",\"@id\":\"https:\\\/\\\/www.rauchemedical.ba\\\/hr\\\/#organization\",\"name\":\"Rauch\u00e9 Medical\",\"alternateName\":\"Rauch\u00e9 Medical\",\"url\":\"https:\\\/\\\/www.rauchemedical.ba\\\/hr\\\/\",\"logo\":{\"@type\":\"ImageObject\",\"inLanguage\":\"hr\",\"@id\":\"https:\\\/\\\/www.rauchemedical.ba\\\/hr\\\/#\\\/schema\\\/logo\\\/image\\\/\",\"url\":\"https:\\\/\\\/www.rauchemedical.ba\\\/wp-content\\\/uploads\\\/2024\\\/06\\\/rauchemedical-monogram-_RM-Monogram-Color.svg\",\"contentUrl\":\"https:\\\/\\\/www.rauchemedical.ba\\\/wp-content\\\/uploads\\\/2024\\\/06\\\/rauchemedical-monogram-_RM-Monogram-Color.svg\",\"width\":226,\"height\":191,\"caption\":\"Rauch\u00e9 Medical\"},\"image\":{\"@id\":\"https:\\\/\\\/www.rauchemedical.ba\\\/hr\\\/#\\\/schema\\\/logo\\\/image\\\/\"}}]}<\/script>\n<!-- \/ Yoast SEO plugin. -->","yoast_head_json":{"title":"Usluge - Rauch\u00e9 Medical","description":"Rauch\u00e9 Medical d.o.o. is a trading company whose primary business is the wholesale of medical products, which includes, among other things, the registration, promotion, and distribution of medical devices with a focus on anesthesiology, intensive care, interventional radiology, invasive cardiology, orthopedics, oncology, and surgery. In Bosnia and Herzegovina, Rauch\u00e9 Medical operates as a wholesale distributor of medical devices.","robots":{"index":"index","follow":"follow","max-snippet":"max-snippet:-1","max-image-preview":"max-image-preview:large","max-video-preview":"max-video-preview:-1"},"canonical":"https:\/\/www.rauchemedical.ba\/hr\/usluge\/","og_locale":"hr_HR","og_type":"article","og_title":"Usluge - Rauch\u00e9 Medical","og_description":"Rauch\u00e9 Medical d.o.o. is a trading company whose primary business is the wholesale of medical products, which includes, among other things, the registration, promotion, and distribution of medical devices with a focus on anesthesiology, intensive care, interventional radiology, invasive cardiology, orthopedics, oncology, and surgery. In Bosnia and Herzegovina, Rauch\u00e9 Medical operates as a wholesale distributor of medical devices.","og_url":"https:\/\/www.rauchemedical.ba\/hr\/usluge\/","og_site_name":"Rauch\u00e9 Medical","article_modified_time":"2024-10-18T07:40:45+00:00","twitter_card":"summary_large_image","twitter_misc":{"Procijenjeno vrijeme \u010ditanja":"1 minuta"},"schema":{"@context":"https:\/\/schema.org","@graph":[{"@type":"WebPage","@id":"https:\/\/www.rauchemedical.ba\/hr\/usluge\/","url":"https:\/\/www.rauchemedical.ba\/hr\/usluge\/","name":"Usluge - Rauch\u00e9 Medical","isPartOf":{"@id":"https:\/\/www.rauchemedical.ba\/hr\/#website"},"datePublished":"2024-05-13T07:51:05+00:00","dateModified":"2024-10-18T07:40:45+00:00","description":"Rauch\u00e9 Medical d.o.o. is a trading company whose primary business is the wholesale of medical products, which includes, among other things, the registration, promotion, and distribution of medical devices with a focus on anesthesiology, intensive care, interventional radiology, invasive cardiology, orthopedics, oncology, and surgery. In Bosnia and Herzegovina, Rauch\u00e9 Medical operates as a wholesale distributor of medical devices.","breadcrumb":{"@id":"https:\/\/www.rauchemedical.ba\/hr\/usluge\/#breadcrumb"},"inLanguage":"hr","potentialAction":[{"@type":"ReadAction","target":["https:\/\/www.rauchemedical.ba\/hr\/usluge\/"]}]},{"@type":"BreadcrumbList","@id":"https:\/\/www.rauchemedical.ba\/hr\/usluge\/#breadcrumb","itemListElement":[{"@type":"ListItem","position":1,"name":"Home","item":"https:\/\/www.rauchemedical.ba\/hr\/"},{"@type":"ListItem","position":2,"name":"Usluge"}]},{"@type":"WebSite","@id":"https:\/\/www.rauchemedical.ba\/hr\/#website","url":"https:\/\/www.rauchemedical.ba\/hr\/","name":"Rauch\u00e9 Medical","description":"Commitment for Life","publisher":{"@id":"https:\/\/www.rauchemedical.ba\/hr\/#organization"},"alternateName":"Rauch\u00e9medical","potentialAction":[{"@type":"SearchAction","target":{"@type":"EntryPoint","urlTemplate":"https:\/\/www.rauchemedical.ba\/hr\/?s={search_term_string}"},"query-input":{"@type":"PropertyValueSpecification","valueRequired":true,"valueName":"search_term_string"}}],"inLanguage":"hr"},{"@type":"Organization","@id":"https:\/\/www.rauchemedical.ba\/hr\/#organization","name":"Rauch\u00e9 Medical","alternateName":"Rauch\u00e9 Medical","url":"https:\/\/www.rauchemedical.ba\/hr\/","logo":{"@type":"ImageObject","inLanguage":"hr","@id":"https:\/\/www.rauchemedical.ba\/hr\/#\/schema\/logo\/image\/","url":"https:\/\/www.rauchemedical.ba\/wp-content\/uploads\/2024\/06\/rauchemedical-monogram-_RM-Monogram-Color.svg","contentUrl":"https:\/\/www.rauchemedical.ba\/wp-content\/uploads\/2024\/06\/rauchemedical-monogram-_RM-Monogram-Color.svg","width":226,"height":191,"caption":"Rauch\u00e9 Medical"},"image":{"@id":"https:\/\/www.rauchemedical.ba\/hr\/#\/schema\/logo\/image\/"}}]}},"_links":{"self":[{"href":"https:\/\/www.rauchemedical.ba\/hr\/wp-json\/wp\/v2\/pages\/4266","targetHints":{"allow":["GET"]}}],"collection":[{"href":"https:\/\/www.rauchemedical.ba\/hr\/wp-json\/wp\/v2\/pages"}],"about":[{"href":"https:\/\/www.rauchemedical.ba\/hr\/wp-json\/wp\/v2\/types\/page"}],"author":[{"embeddable":true,"href":"https:\/\/www.rauchemedical.ba\/hr\/wp-json\/wp\/v2\/users\/1"}],"replies":[{"embeddable":true,"href":"https:\/\/www.rauchemedical.ba\/hr\/wp-json\/wp\/v2\/comments?post=4266"}],"version-history":[{"count":3,"href":"https:\/\/www.rauchemedical.ba\/hr\/wp-json\/wp\/v2\/pages\/4266\/revisions"}],"predecessor-version":[{"id":4963,"href":"https:\/\/www.rauchemedical.ba\/hr\/wp-json\/wp\/v2\/pages\/4266\/revisions\/4963"}],"wp:attachment":[{"href":"https:\/\/www.rauchemedical.ba\/hr\/wp-json\/wp\/v2\/media?parent=4266"}],"curies":[{"name":"wp","href":"https:\/\/api.w.org\/{rel}","templated":true}]}}