{"id":4267,"date":"2024-06-11T07:59:16","date_gmt":"2024-06-11T07:59:16","guid":{"rendered":"https:\/\/www.rauchemedical.ba\/terms-and-conditions\/"},"modified":"2024-10-18T09:01:08","modified_gmt":"2024-10-18T09:01:08","slug":"odredbe-i-uvjeti","status":"publish","type":"page","link":"https:\/\/www.rauchemedical.ba\/hr\/odredbe-i-uvjeti\/","title":{"rendered":"Odredbe i uvjeti"},"content":{"rendered":"\t\t<div data-elementor-type=\"wp-page\" data-elementor-id=\"4267\" class=\"elementor elementor-4267 elementor-4229\">\n\t\t\t\t<div class=\"elementor-element elementor-element-7a263f0 e-flex e-con-boxed e-con e-parent\" data-id=\"7a263f0\" data-element_type=\"container\" data-e-type=\"container\">\n\t\t\t\t\t<div class=\"e-con-inner\">\n\t\t\t\t<div class=\"elementor-element elementor-element-45db95a elementor-widget elementor-widget-text-editor\" data-id=\"45db95a\" data-element_type=\"widget\" data-e-type=\"widget\" data-widget_type=\"text-editor.default\">\n\t\t\t\t<div class=\"elementor-widget-container\">\n\t\t\t\t\t\t\t\t\t<h1><strong>Uvjeti i odredbe<\/strong><\/h1><p>\u00a0<\/p><h3><strong>Sadr\u017eaj<\/strong><\/h3><p>Na\u0161a web stranica omogu\u0107uje nam da objavljujemo, povezujemo, pohranjujemo, dijelimo i na druge na\u010dine omogu\u0107ujemo odre\u0111ene informacije, tekst, grafike, videozapise ili druge materijale. Vi ste odgovorni za sadr\u017eaj koji objavljujete na ili putem usluge, uklju\u010duju\u0107i njegovu zakonitost, pouzdanost i prikladnost.<\/p><p>Objavljivanjem sadr\u017eaja na ili putem usluge, izjavljujete i jam\u010dite da: (i) sadr\u017eaj je va\u0161 (vi ga posjedujete) i\/ili imate pravo koristiti ga i pravo nam dati prava i licencu kako je navedeno u ovim Uvjetima, te (ii) da objavljivanje va\u0161eg sadr\u017eaja na ili putem usluge ne kr\u0161i prava privatnosti, prava javnosti, autorska prava, ugovorna prava ili bilo koja druga prava bilo koje osobe ili entiteta. Zadr\u017eavamo pravo ukinuti ra\u010dun bilo kome za koga se utvrdi da kr\u0161i autorska prava.<\/p><p>\u00a0<\/p><h3><strong>Poveznice na druge web stranice<\/strong><\/h3><p>Na\u0161a usluga mo\u017ee sadr\u017eavati poveznice na web stranice ili usluge tre\u0107ih strana koje nisu u vlasni\u0161tvu ili pod kontrolom rauchemedical.com.<\/p><p>Rauch\u00e9 Medical d.o.o. nema kontrolu nad i ne preuzima odgovornost za sadr\u017eaj, pravila privatnosti ili prakse bilo kojih web stranica ili usluga tre\u0107ih strana. Nadalje potvr\u0111ujete i sla\u017eete se da Rauch\u00e9 Medical d.o.o. ne\u0107e biti odgovoran niti pravno odgovoran, izravno ili neizravno, za bilo kakvu \u0161tetu ili gubitak uzrokovan ili navodno uzrokovan kori\u0161tenjem ili oslanjanjem na bilo koji takav sadr\u017eaj, robu ili usluge dostupne na ili putem bilo kojih takvih web stranica ili usluga.<\/p><p>Sna\u017eno vam preporu\u010dujemo da pro\u010ditate uvjete i odredbe te pravila privatnosti bilo kojih web stranica ili usluga tre\u0107ih strana koje posjetite.<\/p><p>\u00a0<\/p><h3><strong>Prestanak<\/strong><\/h3><p>Mo\u017eemo odmah prekinuti ili obustaviti pristup na\u0161oj usluzi, bez prethodne obavijesti ili odgovornosti, iz bilo kojeg razloga, uklju\u010duju\u0107i, ali ne ograni\u010davaju\u0107i se na kr\u0161enje Uvjeta.<\/p><p>Sve odredbe Uvjeta koje su po svojoj prirodi predvi\u0111ene da pre\u017eive prestanak, ostat \u0107e na snazi i nakon prestanka, uklju\u010duju\u0107i, bez ograni\u010denja, odredbe o vlasni\u0161tvu, odricanje od jamstva, obe\u0161te\u0107enje i ograni\u010denja odgovornosti.<\/p><p>\u00a0<\/p><h3><strong>Mjerodavno pravo<\/strong><\/h3><p>Ovi Uvjeti regulirani su i tuma\u010deni u skladu sa zakonima Republike Hrvatske, bez obzira na njezine odredbe o sukobu zakona.<\/p><p>Na\u0161e neispunjavanje bilo kojeg prava ili odredbe ovih Uvjeta ne\u0107e se smatrati odricanjem od tih prava. Ako bilo koja odredba ovih Uvjeta bude smatrana neva\u017ee\u0107om ili neprovedivom od strane suda, preostale odredbe ovih Uvjeta ostat \u0107e na snazi. Ovi Uvjeti \u010dine cjelokupni ugovor izme\u0111u nas u vezi s na\u0161om uslugom i zamjenjuju sve prethodne sporazume koje smo mo\u017eda imali u vezi s uslugom.<\/p><p>\u00a0<\/p><h3><strong>Izmjene<\/strong><\/h3><p>Zadr\u017eavamo pravo, prema vlastitom naho\u0111enju, izmijeniti ili zamijeniti ove Uvjete u bilo kojem trenutku. Ako je izmjena zna\u010dajna, poku\u0161at \u0107emo pru\u017eiti obavijest barem 30 dana prije nego \u0161to novi uvjeti stupe na snagu. Ono \u0161to predstavlja zna\u010dajnu promjenu bit \u0107e odre\u0111eno prema na\u0161em vlastitom naho\u0111enju.<\/p><p>Nastavljanjem pristupa ili kori\u0161tenja na\u0161e usluge nakon \u0161to izmjene postanu u\u010dinkovite, pristajete biti vezani revidiranim uvjetima. Ako se ne sla\u017eete s novim uvjetima, prestanite koristiti uslugu.<\/p><p>\u00a0<\/p><h3><strong>Kontaktirajte nas<\/strong><\/h3><p>Ako imate bilo kakva pitanja u vezi s ovim Uvjetima, kontaktirajte nas:<\/p><p>E-mail: <a rel=\"noopener\">info@rauchemedical.com<\/a><\/p>\t\t\t\t\t\t\t\t<\/div>\n\t\t\t\t<\/div>\n\t\t\t\t\t<\/div>\n\t\t\t\t<\/div>\n\t\t\t\t<\/div>\n\t\t","protected":false},"excerpt":{"rendered":"<p>Uvjeti i odredbe \u00a0 Sadr\u017eaj Na\u0161a web stranica omogu\u0107uje nam da objavljujemo, povezujemo, pohranjujemo, dijelimo i na druge na\u010dine omogu\u0107ujemo odre\u0111ene informacije, tekst, grafike, videozapise ili druge materijale. Vi ste odgovorni za sadr\u017eaj koji objavljujete na ili putem usluge, uklju\u010duju\u0107i njegovu zakonitost, pouzdanost i prikladnost. Objavljivanjem sadr\u017eaja na ili putem usluge, izjavljujete i jam\u010dite da: [&hellip;]<\/p>\n","protected":false},"author":1,"featured_media":0,"parent":0,"menu_order":0,"comment_status":"closed","ping_status":"closed","template":"","meta":{"inline_featured_image":false,"footnotes":""},"class_list":["post-4267","page","type-page","status-publish","hentry"],"yoast_head":"<!-- This site is optimized with the Yoast SEO plugin v27.5 - https:\/\/yoast.com\/product\/yoast-seo-wordpress\/ -->\n<title>Odredbe i uvjeti - Rauch\u00e9 Medical<\/title>\n<meta name=\"description\" content=\"Rauch\u00e9 Medical d.o.o. is a trading company whose primary business is the wholesale of medical products, which includes, among other things, the registration, promotion, and distribution of medical devices with a focus on anesthesiology, intensive care, interventional radiology, invasive cardiology, orthopedics, oncology, and surgery. In Bosnia and Herzegovina, Rauch\u00e9 Medical operates as a wholesale distributor of medical devices.\" \/>\n<meta name=\"robots\" content=\"index, follow, max-snippet:-1, max-image-preview:large, max-video-preview:-1\" \/>\n<link rel=\"canonical\" href=\"https:\/\/www.rauchemedical.ba\/hr\/odredbe-i-uvjeti\/\" \/>\n<meta property=\"og:locale\" content=\"hr_HR\" \/>\n<meta property=\"og:type\" content=\"article\" \/>\n<meta property=\"og:title\" content=\"Odredbe i uvjeti - Rauch\u00e9 Medical\" \/>\n<meta property=\"og:description\" content=\"Rauch\u00e9 Medical d.o.o. is a trading company whose primary business is the wholesale of medical products, which includes, among other things, the registration, promotion, and distribution of medical devices with a focus on anesthesiology, intensive care, interventional radiology, invasive cardiology, orthopedics, oncology, and surgery. In Bosnia and Herzegovina, Rauch\u00e9 Medical operates as a wholesale distributor of medical devices.\" \/>\n<meta property=\"og:url\" content=\"https:\/\/www.rauchemedical.ba\/hr\/odredbe-i-uvjeti\/\" \/>\n<meta property=\"og:site_name\" content=\"Rauch\u00e9 Medical\" \/>\n<meta property=\"article:modified_time\" content=\"2024-10-18T09:01:08+00:00\" \/>\n<meta name=\"twitter:card\" content=\"summary_large_image\" \/>\n<meta name=\"twitter:label1\" content=\"Procijenjeno vrijeme \u010ditanja\" \/>\n\t<meta name=\"twitter:data1\" content=\"3 minute\" \/>\n<script type=\"application\/ld+json\" class=\"yoast-schema-graph\">{\"@context\":\"https:\\\/\\\/schema.org\",\"@graph\":[{\"@type\":\"WebPage\",\"@id\":\"https:\\\/\\\/www.rauchemedical.ba\\\/hr\\\/odredbe-i-uvjeti\\\/\",\"url\":\"https:\\\/\\\/www.rauchemedical.ba\\\/hr\\\/odredbe-i-uvjeti\\\/\",\"name\":\"Odredbe i uvjeti - Rauch\u00e9 Medical\",\"isPartOf\":{\"@id\":\"https:\\\/\\\/www.rauchemedical.ba\\\/hr\\\/#website\"},\"datePublished\":\"2024-06-11T07:59:16+00:00\",\"dateModified\":\"2024-10-18T09:01:08+00:00\",\"description\":\"Rauch\u00e9 Medical d.o.o. is a trading company whose primary business is the wholesale of medical products, which includes, among other things, the registration, promotion, and distribution of medical devices with a focus on anesthesiology, intensive care, interventional radiology, invasive cardiology, orthopedics, oncology, and surgery. In Bosnia and Herzegovina, Rauch\u00e9 Medical operates as a wholesale distributor of medical devices.\",\"breadcrumb\":{\"@id\":\"https:\\\/\\\/www.rauchemedical.ba\\\/hr\\\/odredbe-i-uvjeti\\\/#breadcrumb\"},\"inLanguage\":\"hr\",\"potentialAction\":[{\"@type\":\"ReadAction\",\"target\":[\"https:\\\/\\\/www.rauchemedical.ba\\\/hr\\\/odredbe-i-uvjeti\\\/\"]}]},{\"@type\":\"BreadcrumbList\",\"@id\":\"https:\\\/\\\/www.rauchemedical.ba\\\/hr\\\/odredbe-i-uvjeti\\\/#breadcrumb\",\"itemListElement\":[{\"@type\":\"ListItem\",\"position\":1,\"name\":\"Home\",\"item\":\"https:\\\/\\\/www.rauchemedical.ba\\\/hr\\\/\"},{\"@type\":\"ListItem\",\"position\":2,\"name\":\"Odredbe i uvjeti\"}]},{\"@type\":\"WebSite\",\"@id\":\"https:\\\/\\\/www.rauchemedical.ba\\\/hr\\\/#website\",\"url\":\"https:\\\/\\\/www.rauchemedical.ba\\\/hr\\\/\",\"name\":\"Rauch\u00e9 Medical\",\"description\":\"Commitment for Life\",\"publisher\":{\"@id\":\"https:\\\/\\\/www.rauchemedical.ba\\\/hr\\\/#organization\"},\"alternateName\":\"Rauch\u00e9medical\",\"potentialAction\":[{\"@type\":\"SearchAction\",\"target\":{\"@type\":\"EntryPoint\",\"urlTemplate\":\"https:\\\/\\\/www.rauchemedical.ba\\\/hr\\\/?s={search_term_string}\"},\"query-input\":{\"@type\":\"PropertyValueSpecification\",\"valueRequired\":true,\"valueName\":\"search_term_string\"}}],\"inLanguage\":\"hr\"},{\"@type\":\"Organization\",\"@id\":\"https:\\\/\\\/www.rauchemedical.ba\\\/hr\\\/#organization\",\"name\":\"Rauch\u00e9 Medical\",\"alternateName\":\"Rauch\u00e9 Medical\",\"url\":\"https:\\\/\\\/www.rauchemedical.ba\\\/hr\\\/\",\"logo\":{\"@type\":\"ImageObject\",\"inLanguage\":\"hr\",\"@id\":\"https:\\\/\\\/www.rauchemedical.ba\\\/hr\\\/#\\\/schema\\\/logo\\\/image\\\/\",\"url\":\"https:\\\/\\\/www.rauchemedical.ba\\\/wp-content\\\/uploads\\\/2024\\\/06\\\/rauchemedical-monogram-_RM-Monogram-Color.svg\",\"contentUrl\":\"https:\\\/\\\/www.rauchemedical.ba\\\/wp-content\\\/uploads\\\/2024\\\/06\\\/rauchemedical-monogram-_RM-Monogram-Color.svg\",\"width\":226,\"height\":191,\"caption\":\"Rauch\u00e9 Medical\"},\"image\":{\"@id\":\"https:\\\/\\\/www.rauchemedical.ba\\\/hr\\\/#\\\/schema\\\/logo\\\/image\\\/\"}}]}<\/script>\n<!-- \/ Yoast SEO plugin. -->","yoast_head_json":{"title":"Odredbe i uvjeti - Rauch\u00e9 Medical","description":"Rauch\u00e9 Medical d.o.o. is a trading company whose primary business is the wholesale of medical products, which includes, among other things, the registration, promotion, and distribution of medical devices with a focus on anesthesiology, intensive care, interventional radiology, invasive cardiology, orthopedics, oncology, and surgery. In Bosnia and Herzegovina, Rauch\u00e9 Medical operates as a wholesale distributor of medical devices.","robots":{"index":"index","follow":"follow","max-snippet":"max-snippet:-1","max-image-preview":"max-image-preview:large","max-video-preview":"max-video-preview:-1"},"canonical":"https:\/\/www.rauchemedical.ba\/hr\/odredbe-i-uvjeti\/","og_locale":"hr_HR","og_type":"article","og_title":"Odredbe i uvjeti - Rauch\u00e9 Medical","og_description":"Rauch\u00e9 Medical d.o.o. is a trading company whose primary business is the wholesale of medical products, which includes, among other things, the registration, promotion, and distribution of medical devices with a focus on anesthesiology, intensive care, interventional radiology, invasive cardiology, orthopedics, oncology, and surgery. In Bosnia and Herzegovina, Rauch\u00e9 Medical operates as a wholesale distributor of medical devices.","og_url":"https:\/\/www.rauchemedical.ba\/hr\/odredbe-i-uvjeti\/","og_site_name":"Rauch\u00e9 Medical","article_modified_time":"2024-10-18T09:01:08+00:00","twitter_card":"summary_large_image","twitter_misc":{"Procijenjeno vrijeme \u010ditanja":"3 minute"},"schema":{"@context":"https:\/\/schema.org","@graph":[{"@type":"WebPage","@id":"https:\/\/www.rauchemedical.ba\/hr\/odredbe-i-uvjeti\/","url":"https:\/\/www.rauchemedical.ba\/hr\/odredbe-i-uvjeti\/","name":"Odredbe i uvjeti - Rauch\u00e9 Medical","isPartOf":{"@id":"https:\/\/www.rauchemedical.ba\/hr\/#website"},"datePublished":"2024-06-11T07:59:16+00:00","dateModified":"2024-10-18T09:01:08+00:00","description":"Rauch\u00e9 Medical d.o.o. is a trading company whose primary business is the wholesale of medical products, which includes, among other things, the registration, promotion, and distribution of medical devices with a focus on anesthesiology, intensive care, interventional radiology, invasive cardiology, orthopedics, oncology, and surgery. In Bosnia and Herzegovina, Rauch\u00e9 Medical operates as a wholesale distributor of medical devices.","breadcrumb":{"@id":"https:\/\/www.rauchemedical.ba\/hr\/odredbe-i-uvjeti\/#breadcrumb"},"inLanguage":"hr","potentialAction":[{"@type":"ReadAction","target":["https:\/\/www.rauchemedical.ba\/hr\/odredbe-i-uvjeti\/"]}]},{"@type":"BreadcrumbList","@id":"https:\/\/www.rauchemedical.ba\/hr\/odredbe-i-uvjeti\/#breadcrumb","itemListElement":[{"@type":"ListItem","position":1,"name":"Home","item":"https:\/\/www.rauchemedical.ba\/hr\/"},{"@type":"ListItem","position":2,"name":"Odredbe i uvjeti"}]},{"@type":"WebSite","@id":"https:\/\/www.rauchemedical.ba\/hr\/#website","url":"https:\/\/www.rauchemedical.ba\/hr\/","name":"Rauch\u00e9 Medical","description":"Commitment for Life","publisher":{"@id":"https:\/\/www.rauchemedical.ba\/hr\/#organization"},"alternateName":"Rauch\u00e9medical","potentialAction":[{"@type":"SearchAction","target":{"@type":"EntryPoint","urlTemplate":"https:\/\/www.rauchemedical.ba\/hr\/?s={search_term_string}"},"query-input":{"@type":"PropertyValueSpecification","valueRequired":true,"valueName":"search_term_string"}}],"inLanguage":"hr"},{"@type":"Organization","@id":"https:\/\/www.rauchemedical.ba\/hr\/#organization","name":"Rauch\u00e9 Medical","alternateName":"Rauch\u00e9 Medical","url":"https:\/\/www.rauchemedical.ba\/hr\/","logo":{"@type":"ImageObject","inLanguage":"hr","@id":"https:\/\/www.rauchemedical.ba\/hr\/#\/schema\/logo\/image\/","url":"https:\/\/www.rauchemedical.ba\/wp-content\/uploads\/2024\/06\/rauchemedical-monogram-_RM-Monogram-Color.svg","contentUrl":"https:\/\/www.rauchemedical.ba\/wp-content\/uploads\/2024\/06\/rauchemedical-monogram-_RM-Monogram-Color.svg","width":226,"height":191,"caption":"Rauch\u00e9 Medical"},"image":{"@id":"https:\/\/www.rauchemedical.ba\/hr\/#\/schema\/logo\/image\/"}}]}},"_links":{"self":[{"href":"https:\/\/www.rauchemedical.ba\/hr\/wp-json\/wp\/v2\/pages\/4267","targetHints":{"allow":["GET"]}}],"collection":[{"href":"https:\/\/www.rauchemedical.ba\/hr\/wp-json\/wp\/v2\/pages"}],"about":[{"href":"https:\/\/www.rauchemedical.ba\/hr\/wp-json\/wp\/v2\/types\/page"}],"author":[{"embeddable":true,"href":"https:\/\/www.rauchemedical.ba\/hr\/wp-json\/wp\/v2\/users\/1"}],"replies":[{"embeddable":true,"href":"https:\/\/www.rauchemedical.ba\/hr\/wp-json\/wp\/v2\/comments?post=4267"}],"version-history":[{"count":3,"href":"https:\/\/www.rauchemedical.ba\/hr\/wp-json\/wp\/v2\/pages\/4267\/revisions"}],"predecessor-version":[{"id":4985,"href":"https:\/\/www.rauchemedical.ba\/hr\/wp-json\/wp\/v2\/pages\/4267\/revisions\/4985"}],"wp:attachment":[{"href":"https:\/\/www.rauchemedical.ba\/hr\/wp-json\/wp\/v2\/media?parent=4267"}],"curies":[{"name":"wp","href":"https:\/\/api.w.org\/{rel}","templated":true}]}}